{"id":31,"date":"2018-01-20T08:00:27","date_gmt":"2018-01-20T07:00:27","guid":{"rendered":"https:\/\/cale.ac-lille.fr\/CALE2019\/?page_id=31"},"modified":"2024-12-18T09:04:18","modified_gmt":"2024-12-18T08:04:18","slug":"bienvenue","status":"publish","type":"page","link":"https:\/\/cale.ac-lille.fr\/CALE\/","title":{"rendered":"Bienvenue"},"content":{"rendered":"\n<h1 class=\"wp-block-heading has-black-color has-text-color\"><span style=\"color: #00aded;\"><strong>C<\/strong><\/span>oncours<span style=\"color: #00aded;\"><strong> <\/strong><mark style=\"background-color:rgba(0, 0, 0, 0)\" class=\"has-inline-color has-black-color\">de<\/mark> <strong>R<\/strong><mark style=\"background-color:rgba(0, 0, 0, 0)\" class=\"has-inline-color has-black-color\">\u00e9gion<\/mark><strong> A<\/strong><\/span>cad\u00e9mique en <span style=\"color: #00aded;\"><strong>L<\/strong><\/span>igne et par <span style=\"color: #00aded;\"><strong>E<\/strong><\/span>quipe<\/h1>\n\n\n\n<hr class=\"wp-block-separator has-alpha-channel-opacity\"\/>\n\n\n<div class=\"wp-block-image\">\n<figure class=\"alignright\"><img loading=\"lazy\" decoding=\"async\" width=\"300\" height=\"300\" src=\"https:\/\/cale.ac-lille.fr\/CALE2019\/wp-content\/uploads\/2017\/11\/acad-1-300x300.jpg\" alt=\"\" class=\"wp-image-68 img-responsive\" srcset=\"https:\/\/cale.ac-lille.fr\/CALE\/wp-content\/uploads\/2017\/11\/acad-1-300x300.jpg 300w, https:\/\/cale.ac-lille.fr\/CALE\/wp-content\/uploads\/2017\/11\/acad-1-150x150.jpg 150w, https:\/\/cale.ac-lille.fr\/CALE\/wp-content\/uploads\/2017\/11\/acad-1.jpg 400w\" sizes=\"(max-width: 300px) 100vw, 300px\" \/><\/figure><\/div>\n\n\n<h2 class=\"wp-block-heading has-text-align-center\">Nous sommes au regret de devoir annuler le concours pour cette ann\u00e9e 2025.<\/h2>\n\n\n\n<p><\/p>\n\n\n\n<p><\/p>\n\n\n\n<hr class=\"wp-block-separator has-alpha-channel-opacity\"\/>\n\n\n\n<h2 class=\"wp-block-heading has-text-align-center\"><a href=\"https:\/\/cale.ac-lille.fr\/CALE\/reglement\/\">R\u00e8glement du concours<\/a><\/h2>\n\n\n\n<p class=\"has-text-align-center\">&nbsp;<\/p>\n\n\n\n<p class=\"has-text-align-center\">&nbsp;<\/p>\n\n\n\n<p class=\"has-text-align-center\">&nbsp;<\/p>\n\n\n\n<p class=\"has-text-align-center\">&nbsp;<\/p>\n\n\n\n<h3 class=\"wp-block-heading\">&nbsp;<\/h3>\n\n\n\n<hr class=\"wp-block-separator has-alpha-channel-opacity\"\/>\n\n\n\n<p class=\"has-text-align-center\">&nbsp;<\/p>\n\n\n\n<div id=\"chapo\">\n<p>Il s&#8217;agit d&#8217;un concours annuel qui se passe \u00e0 l&#8217;occasion de la journ\u00e9e franco-allemande pour lequel les \u00e9l\u00e8ves r\u00e9pondent \u00e0 des questions sur <strong>les pays europ\u00e9ens et l&#8217;Europe<\/strong>, gr\u00e2ce \u00e0 une sitographie choisie et en <strong>travail de groupe<\/strong>. Le concours repose sur des questions \u00e0 choix multiples.<\/p>\n<\/div>\n\n\n\n<div id=\"principal\">\n<p>Les rubriques du concours s&#8217;appuient sur une s\u00e9lection de sites en ligne \u00e0 d\u00e9couvrir au moins pour r\u00e9pondre aux questions. Le concours est con\u00e7u comme un travail de groupe sur diff\u00e9rentes rubriques qui sera facilit\u00e9 par une organisation du travail. Le m\u00eame nombre de points est attribu\u00e9 \u00e0 chaque question.<\/p>\n<p>Le concours s&#8217;adresse \u00e0 tous les \u00e9l\u00e8ves du <strong>second degr\u00e9, germanistes ou non<\/strong>, en enseignement g\u00e9n\u00e9ral ou en formation professionnelle, en \u00e9tablissement public ou priv\u00e9 ainsi qu&#8217;aux \u00e9l\u00e8ves <strong>\u00e0 partir du CE1<\/strong>. Quatre questionnaires en allemand et en fran\u00e7ais, \u00e0 diff\u00e9rents niveaux de complexit\u00e9 et de difficult\u00e9, seront \u00e0 disposition des \u00e9quipes.<\/p>\n<\/div>\n\n\n\n<div>&nbsp;<\/div>\n","protected":false},"excerpt":{"rendered":"<p>Concours de R\u00e9gion Acad\u00e9mique en Ligne et par Equipe Nous sommes au regret de devoir annuler le concours pour cette ann\u00e9e 2025. R\u00e8glement du concours &nbsp; &nbsp; &nbsp; &nbsp; &nbsp; &nbsp; Il s&#8217;agit d&#8217;un concours annuel qui se passe \u00e0 l&#8217;occasion de la journ\u00e9e franco-allemande pour lequel les \u00e9l\u00e8ves r\u00e9pondent \u00e0 des questions sur les &#8230; <a href=\"https:\/\/cale.ac-lille.fr\/CALE\/\" class=\"more-link text-uppercase small\"><strong>Continue Reading<\/strong> <i class=\"fa fa-angle-double-right\" aria-hidden=\"true\"><\/i><\/a><\/p>\n","protected":false},"author":2,"featured_media":0,"parent":0,"menu_order":0,"comment_status":"closed","ping_status":"closed","template":"","meta":{"footnotes":""},"_links":{"self":[{"href":"https:\/\/cale.ac-lille.fr\/CALE\/wp-json\/wp\/v2\/pages\/31"}],"collection":[{"href":"https:\/\/cale.ac-lille.fr\/CALE\/wp-json\/wp\/v2\/pages"}],"about":[{"href":"https:\/\/cale.ac-lille.fr\/CALE\/wp-json\/wp\/v2\/types\/page"}],"author":[{"embeddable":true,"href":"https:\/\/cale.ac-lille.fr\/CALE\/wp-json\/wp\/v2\/users\/2"}],"replies":[{"embeddable":true,"href":"https:\/\/cale.ac-lille.fr\/CALE\/wp-json\/wp\/v2\/comments?post=31"}],"version-history":[{"count":114,"href":"https:\/\/cale.ac-lille.fr\/CALE\/wp-json\/wp\/v2\/pages\/31\/revisions"}],"predecessor-version":[{"id":3612,"href":"https:\/\/cale.ac-lille.fr\/CALE\/wp-json\/wp\/v2\/pages\/31\/revisions\/3612"}],"wp:attachment":[{"href":"https:\/\/cale.ac-lille.fr\/CALE\/wp-json\/wp\/v2\/media?parent=31"}],"curies":[{"name":"wp","href":"https:\/\/api.w.org\/{rel}","templated":true}]}}