{"id":35,"date":"2017-11-28T14:34:04","date_gmt":"2017-11-28T13:34:04","guid":{"rendered":"https:\/\/cale.ac-lille.fr\/CALE2019\/?page_id=35"},"modified":"2024-01-25T12:09:11","modified_gmt":"2024-01-25T11:09:11","slug":"contact","status":"publish","type":"page","link":"https:\/\/cale.ac-lille.fr\/CALE\/contact\/","title":{"rendered":"CONTACT"},"content":{"rendered":"<p style=\"text-align: center;\">Pour tout renseignement compl\u00e9mentaire, contactez nous par m\u00e9l :<\/p>\n<p style=\"text-align: center;\"><span style=\"color: #00aded;\"><strong><a style=\"color: #00aded;\" href=\"mailto:Clara.Glauert@ac-lille.fr\">Clara.Glauert@ac-lille.fr<\/a><\/strong><\/span><\/p>\n<p style=\"text-align: center;\">Po<span style=\"color: #000000;\">ur tout probl\u00e8me technique, contactez le webmestre\u00a0 par m\u00e9l :<\/span><\/p>\n<p style=\"text-align: center;\"><a href=\"mailto:sebastien.auquier@ac-lille.fr\"><span style=\"color: #00aded;\"><strong>sebastien.auquier@ac-lille.fr<\/strong><\/span><\/a><\/p>\n\n\n<h2 class=\"wp-block-heading has-text-align-center\"><\/h2>\n","protected":false},"excerpt":{"rendered":"<p>Pour tout renseignement compl\u00e9mentaire, contactez nous par m\u00e9l : Clara.Glauert@ac-lille.fr Pour tout probl\u00e8me technique, contactez le webmestre\u00a0 par m\u00e9l : sebastien.auquier@ac-lille.fr<\/p>\n","protected":false},"author":2,"featured_media":0,"parent":0,"menu_order":0,"comment_status":"closed","ping_status":"closed","template":"","meta":{"footnotes":""},"_links":{"self":[{"href":"https:\/\/cale.ac-lille.fr\/CALE\/wp-json\/wp\/v2\/pages\/35"}],"collection":[{"href":"https:\/\/cale.ac-lille.fr\/CALE\/wp-json\/wp\/v2\/pages"}],"about":[{"href":"https:\/\/cale.ac-lille.fr\/CALE\/wp-json\/wp\/v2\/types\/page"}],"author":[{"embeddable":true,"href":"https:\/\/cale.ac-lille.fr\/CALE\/wp-json\/wp\/v2\/users\/2"}],"replies":[{"embeddable":true,"href":"https:\/\/cale.ac-lille.fr\/CALE\/wp-json\/wp\/v2\/comments?post=35"}],"version-history":[{"count":17,"href":"https:\/\/cale.ac-lille.fr\/CALE\/wp-json\/wp\/v2\/pages\/35\/revisions"}],"predecessor-version":[{"id":3580,"href":"https:\/\/cale.ac-lille.fr\/CALE\/wp-json\/wp\/v2\/pages\/35\/revisions\/3580"}],"wp:attachment":[{"href":"https:\/\/cale.ac-lille.fr\/CALE\/wp-json\/wp\/v2\/media?parent=35"}],"curies":[{"name":"wp","href":"https:\/\/api.w.org\/{rel}","templated":true}]}}