{"id":700,"date":"2018-01-19T13:46:15","date_gmt":"2018-01-19T12:46:15","guid":{"rendered":"https:\/\/cale.ac-lille.fr\/CALE2019\/?page_id=700"},"modified":"2024-03-28T17:33:15","modified_gmt":"2024-03-28T16:33:15","slug":"resultats-niveau-col1","status":"publish","type":"page","link":"https:\/\/cale.ac-lille.fr\/CALE\/resultats-niveau-col1\/","title":{"rendered":"R\u00e9sultats niveau COL1"},"content":{"rendered":"\n<table id=\"tablepress-29\" class=\"tablepress tablepress-id-29\">\n<thead>\n<tr class=\"row-1 odd\">\n\t<th class=\"column-1\">classement<\/th><th class=\"column-2\">% de r\u00e9ussite<\/th><th class=\"column-3\">Nom du groupe<\/th><th class=\"column-4\">Etablissement<\/th><th class=\"column-5\">Commune<\/th>\n<\/tr>\n<\/thead>\n<tbody class=\"row-hover\">\n<tr class=\"row-2 even\">\n\t<td class=\"column-1\">1<\/td><td class=\"column-2\">93.44<\/td><td class=\"column-3\">Apfelstrudel<\/td><td class=\"column-4\">Coll\u00e8ge Anne Frank<\/td><td class=\"column-5\">Lambersart<\/td>\n<\/tr>\n<tr class=\"row-3 odd\">\n\t<td class=\"column-1\">2<\/td><td class=\"column-2\">90.22<\/td><td class=\"column-3\">la Team Salengro<\/td><td class=\"column-4\">coll\u00e8ge Roger Salengro<\/td><td class=\"column-5\">Houplines<\/td>\n<\/tr>\n<tr class=\"row-4 even\">\n\t<td class=\"column-1\">3<\/td><td class=\"column-2\">86.74<\/td><td class=\"column-3\">Zusammen<\/td><td class=\"column-4\">Coll\u00e8ge L\u00e9o Lagrange<\/td><td class=\"column-5\">Fourmies<\/td>\n<\/tr>\n<tr class=\"row-5 odd\">\n\t<td class=\"column-1\">4<\/td><td class=\"column-2\">86.35<\/td><td class=\"column-3\">54Flines<\/td><td class=\"column-4\">Coll\u00e8ge Jean Moulin<\/td><td class=\"column-5\">Flines-lez-Raches<\/td>\n<\/tr>\n<tr class=\"row-6 even\">\n\t<td class=\"column-1\">5<\/td><td class=\"column-2\">85.43<\/td><td class=\"column-3\">Simone Veil Gr3<\/td><td class=\"column-4\">Coll\u00e8ge Simone Veil<\/td><td class=\"column-5\">Cappelle en P\u00e9v\u00e8le<\/td>\n<\/tr>\n<tr class=\"row-7 odd\">\n\t<td class=\"column-1\">6<\/td><td class=\"column-2\">85.41<\/td><td class=\"column-3\">Montaigne1<\/td><td class=\"column-4\">Coll\u00e8ge Montaigne<\/td><td class=\"column-5\">Poix-du-Nord<\/td>\n<\/tr>\n<tr class=\"row-8 even\">\n\t<td class=\"column-1\">7<\/td><td class=\"column-2\">85.21<\/td><td class=\"column-3\">Berlin<\/td><td class=\"column-4\">Coll\u00e8ge G\u00e9rard Philipe<\/td><td class=\"column-5\">H\u00e9nin-Beaumont<\/td>\n<\/tr>\n<tr class=\"row-9 odd\">\n\t<td class=\"column-1\">8<\/td><td class=\"column-2\">83.56<\/td><td class=\"column-3\">TeamBude<\/td><td class=\"column-4\">Coll\u00e8ge Guillaume Bud\u00e9<\/td><td class=\"column-5\">Maubeuge<\/td>\n<\/tr>\n<tr class=\"row-10 even\">\n\t<td class=\"column-1\">9<\/td><td class=\"column-2\">79.13<\/td><td class=\"column-3\">Die Brezel<\/td><td class=\"column-4\">Coll\u00e8ge Dr. Ernest Schaffner<\/td><td class=\"column-5\">Roost-Warendin<\/td>\n<\/tr>\n<tr class=\"row-11 odd\">\n\t<td class=\"column-1\">10<\/td><td class=\"column-2\">75.23<\/td><td class=\"column-3\">5E_4EMadamedeSevigne<\/td><td class=\"column-4\">Coll\u00e8ge Madame de S\u00e9vign\u00e9<\/td><td class=\"column-5\">Roubaix<\/td>\n<\/tr>\n<tr class=\"row-12 even\">\n\t<td class=\"column-1\">11<\/td><td class=\"column-2\">73.11<\/td><td class=\"column-3\">Merville<\/td><td class=\"column-4\">coll\u00e8ge Henri Dunant<\/td><td class=\"column-5\">Merville<\/td>\n<\/tr>\n<tr class=\"row-13 odd\">\n\t<td class=\"column-1\">12<\/td><td class=\"column-2\">72.19<\/td><td class=\"column-3\">CM2Desbordes<\/td><td class=\"column-4\">Desbordes Valmore<\/td><td class=\"column-5\">Lille<\/td>\n<\/tr>\n<tr class=\"row-14 even\">\n\t<td class=\"column-1\">13<\/td><td class=\"column-2\">71.83<\/td><td class=\"column-3\">4eRousseau<\/td><td class=\"column-4\">Coll\u00e8ge Saint-Exup\u00e9ry<\/td><td class=\"column-5\">Onnaing<\/td>\n<\/tr>\n<tr class=\"row-15 odd\">\n\t<td class=\"column-1\">14<\/td><td class=\"column-2\">69.93<\/td><td class=\"column-3\">LucieAubracBilangues<\/td><td class=\"column-4\">Coll\u00e8ge Lucie Aubrac<\/td><td class=\"column-5\">Tourcoing<\/td>\n<\/tr>\n<tr class=\"row-16 even\">\n\t<td class=\"column-1\">15<\/td><td class=\"column-2\">67.48<\/td><td class=\"column-3\">Simone Veil Gr2<\/td><td class=\"column-4\">Coll\u00e8ge Simone Veil<\/td><td class=\"column-5\">Cappelle en P\u00e9v\u00e8le<\/td>\n<\/tr>\n<tr class=\"row-17 odd\">\n\t<td class=\"column-1\">16<\/td><td class=\"column-2\">66.37<\/td><td class=\"column-3\">5Bilangues<\/td><td class=\"column-4\">Coll\u00e8ge Paul Langevin<\/td><td class=\"column-5\">SALLAUMINES<\/td>\n<\/tr>\n<tr class=\"row-18 even\">\n\t<td class=\"column-1\">17<\/td><td class=\"column-2\">65.78<\/td><td class=\"column-3\">Germangirls<\/td><td class=\"column-4\">Coll\u00e8ge du Solr\u00e9zis<\/td><td class=\"column-5\">SOLRE-LE-CHATEAU<\/td>\n<\/tr>\n<tr class=\"row-19 odd\">\n\t<td class=\"column-1\">18<\/td><td class=\"column-2\">64.78<\/td><td class=\"column-3\">Allianzarrageois2<\/td><td class=\"column-4\">Coll\u00e8ge charles p\u00e9guy<\/td><td class=\"column-5\">Arras<\/td>\n<\/tr>\n<tr class=\"row-20 even\">\n\t<td class=\"column-1\">19<\/td><td class=\"column-2\">64.75<\/td><td class=\"column-3\">4eLenglen<\/td><td class=\"column-4\">Coll\u00e8ge Saint-Exup\u00e9ry<\/td><td class=\"column-5\">Onnaing<\/td>\n<\/tr>\n<tr class=\"row-21 odd\">\n\t<td class=\"column-1\">20<\/td><td class=\"column-2\">64.59<\/td><td class=\"column-3\">Simone Veil Gr4<\/td><td class=\"column-4\">Coll\u00e8ge Simone Veil<\/td><td class=\"column-5\">Cappelle en P\u00e9v\u00e8le<\/td>\n<\/tr>\n<tr class=\"row-22 even\">\n\t<td class=\"column-1\">21<\/td><td class=\"column-2\">63.96<\/td><td class=\"column-3\">die Detektive<\/td><td class=\"column-4\">Coll\u00e8ge Langevin-Wallon<\/td><td class=\"column-5\">GRENAY<\/td>\n<\/tr>\n<tr class=\"row-23 odd\">\n\t<td class=\"column-1\">22<\/td><td class=\"column-2\">62.72<\/td><td class=\"column-3\">6eF<\/td><td class=\"column-4\">coll\u00e8ge saint Exup\u00e9ry<\/td><td class=\"column-5\">Roubaix<\/td>\n<\/tr>\n<tr class=\"row-24 even\">\n\t<td class=\"column-1\">23<\/td><td class=\"column-2\">61.25<\/td><td class=\"column-3\">Wgroupe1<\/td><td class=\"column-4\">Coll\u00e8ge Jean Moulin<\/td><td class=\"column-5\">Wattignies<\/td>\n<\/tr>\n<tr class=\"row-25 odd\">\n\t<td class=\"column-1\">24<\/td><td class=\"column-2\">60.66<\/td><td class=\"column-3\">6eB<\/td><td class=\"column-4\">coll\u00e8ge saint Exup\u00e9ry<\/td><td class=\"column-5\">Roubaix<\/td>\n<\/tr>\n<tr class=\"row-26 even\">\n\t<td class=\"column-1\">25<\/td><td class=\"column-2\">59.45<\/td><td class=\"column-3\">Rattenfaenger4<\/td><td class=\"column-4\">Coll\u00e8ge Jacques Pr\u00e9vert<\/td><td class=\"column-5\">Caudry<\/td>\n<\/tr>\n<tr class=\"row-27 odd\">\n\t<td class=\"column-1\">26<\/td><td class=\"column-2\">58.11<\/td><td class=\"column-3\">germanistes1<\/td><td class=\"column-4\">coll\u00e8ge Ren\u00e9 Cassin<\/td><td class=\"column-5\">Loos-en-Gohelle<\/td>\n<\/tr>\n<tr class=\"row-28 even\">\n\t<td class=\"column-1\">27<\/td><td class=\"column-2\">57.39<\/td><td class=\"column-3\">DieKrokodile62000<\/td><td class=\"column-4\">coll\u00e8ge Charles P\u00e9guy<\/td><td class=\"column-5\">Arras<\/td>\n<\/tr>\n<tr class=\"row-29 odd\">\n\t<td class=\"column-1\">28<\/td><td class=\"column-2\">55.29<\/td><td class=\"column-3\">Lagermanpatrouille<\/td><td class=\"column-4\">Coll\u00e8ge Renaud-Barrault<\/td><td class=\"column-5\">AVESNELLES<\/td>\n<\/tr>\n<tr class=\"row-30 even\">\n\t<td class=\"column-1\">29<\/td><td class=\"column-2\">54.28<\/td><td class=\"column-3\">Rattenfaenger3<\/td><td class=\"column-4\">Coll\u00e8ge Jacques Pr\u00e9vert<\/td><td class=\"column-5\">Caudry<\/td>\n<\/tr>\n<tr class=\"row-31 odd\">\n\t<td class=\"column-1\">30<\/td><td class=\"column-2\">53.85<\/td><td class=\"column-3\">AllianzArrageois43<\/td><td class=\"column-4\">coll\u00e8ge Charles P\u00e9guy<\/td><td class=\"column-5\">Arras<\/td>\n<\/tr>\n<tr class=\"row-32 even\">\n\t<td class=\"column-1\">31<\/td><td class=\"column-2\">51.48<\/td><td class=\"column-3\">Rattenfaenger1<\/td><td class=\"column-4\">Coll\u00e8ge Jacques Pr\u00e9vert<\/td><td class=\"column-5\">Caudry<\/td>\n<\/tr>\n<tr class=\"row-33 odd\">\n\t<td class=\"column-1\">32<\/td><td class=\"column-2\">51.36<\/td><td class=\"column-3\">5emeBlaise<\/td><td class=\"column-4\">coll\u00e8ge Blaise Pascal<\/td><td class=\"column-5\">Longuenesse<\/td>\n<\/tr>\n<tr class=\"row-34 even\">\n\t<td class=\"column-1\">33<\/td><td class=\"column-2\">49.30<\/td><td class=\"column-3\">Wgroupe3<\/td><td class=\"column-4\">Coll\u00e8ge Jean Moulin<\/td><td class=\"column-5\">Wattignies<\/td>\n<\/tr>\n<tr class=\"row-35 odd\">\n\t<td class=\"column-1\">34<\/td><td class=\"column-2\">48.29<\/td><td class=\"column-3\">5.Nazateam<\/td><td class=\"column-4\">coll\u00e8ge Nazareth<\/td><td class=\"column-5\">Saint Martin Boulogne<\/td>\n<\/tr>\n<tr class=\"row-36 even\">\n\t<td class=\"column-1\">35<\/td><td class=\"column-2\">47.71<\/td><td class=\"column-3\">Les Occamy<\/td><td class=\"column-4\">Ecole George Sand<\/td><td class=\"column-5\">LIEVIN<\/td>\n<\/tr>\n<tr class=\"row-37 odd\">\n\t<td class=\"column-1\">36<\/td><td class=\"column-2\">44.82<\/td><td class=\"column-3\">Rattenfaenger2<\/td><td class=\"column-4\">Coll\u00e8ge Jacques Pr\u00e9vert<\/td><td class=\"column-5\">Caudry<\/td>\n<\/tr>\n<tr class=\"row-38 even\">\n\t<td class=\"column-1\">37<\/td><td class=\"column-2\">43.73<\/td><td class=\"column-3\">54GabrieldelaGorce<\/td><td class=\"column-4\">Coll\u00e8ge Gabriel de la Gorce<\/td><td class=\"column-5\">Hucqueliers<\/td>\n<\/tr>\n<tr class=\"row-39 odd\">\n\t<td class=\"column-1\">38<\/td><td class=\"column-2\">40.69<\/td><td class=\"column-3\">Les Niffleur<\/td><td class=\"column-4\">Ecole George Sand<\/td><td class=\"column-5\">LIEVIN<\/td>\n<\/tr>\n<tr class=\"row-40 even\">\n\t<td class=\"column-1\">39<\/td><td class=\"column-2\">39.86<\/td><td class=\"column-3\">Deutschanfanger<\/td><td class=\"column-4\">Coll\u00e8ge Langevin-Wallon<\/td><td class=\"column-5\">GRENAY<\/td>\n<\/tr>\n<tr class=\"row-41 odd\">\n\t<td class=\"column-1\">40<\/td><td class=\"column-2\">35.82<\/td><td class=\"column-3\">Wgroupe2<\/td><td class=\"column-4\">Coll\u00e8ge Jean Moulin<\/td><td class=\"column-5\">Wattignies<\/td>\n<\/tr>\n<tr class=\"row-42 even\">\n\t<td class=\"column-1\">41<\/td><td class=\"column-2\">35.58<\/td><td class=\"column-3\">BRETZAILES<\/td><td class=\"column-4\">Coll\u00e8ge Eug\u00e8ne Thomas<\/td><td class=\"column-5\">Jeumont<\/td>\n<\/tr>\n<tr class=\"row-43 odd\">\n\t<td class=\"column-1\">42<\/td><td class=\"column-2\">34.52<\/td><td class=\"column-3\">Les Demiguise<\/td><td class=\"column-4\">Ecole George Sand<\/td><td class=\"column-5\">LIEVIN<\/td>\n<\/tr>\n<tr class=\"row-44 even\">\n\t<td class=\"column-1\">43<\/td><td class=\"column-2\">24.95<\/td><td class=\"column-3\">Simone Veil Gr1<\/td><td class=\"column-4\">Coll\u00e8ge Simone Veil<\/td><td class=\"column-5\">Cappelle en P\u00e9v\u00e8le<\/td>\n<\/tr>\n<tr class=\"row-45 odd\">\n\t<td class=\"column-1\">44<\/td><td class=\"column-2\">17.02<\/td><td class=\"column-3\">4emeBlaise<\/td><td class=\"column-4\">coll\u00e8ge Blaise Pascal<\/td><td class=\"column-5\">Longuenesse<\/td>\n<\/tr>\n<tr class=\"row-46 even\">\n\t<td class=\"column-1\">45<\/td><td class=\"column-2\">13.67<\/td><td class=\"column-3\">galilee<\/td><td class=\"column-4\">Ecole Galil\u00e9e<\/td><td class=\"column-5\">Dourlers<\/td>\n<\/tr>\n<\/tbody>\n<\/table>\n<!-- #tablepress-29 from cache -->\n\n\n<p><\/p>\n","protected":false},"excerpt":{"rendered":"","protected":false},"author":2,"featured_media":0,"parent":0,"menu_order":0,"comment_status":"closed","ping_status":"closed","template":"","meta":{"footnotes":""},"_links":{"self":[{"href":"https:\/\/cale.ac-lille.fr\/CALE\/wp-json\/wp\/v2\/pages\/700"}],"collection":[{"href":"https:\/\/cale.ac-lille.fr\/CALE\/wp-json\/wp\/v2\/pages"}],"about":[{"href":"https:\/\/cale.ac-lille.fr\/CALE\/wp-json\/wp\/v2\/types\/page"}],"author":[{"embeddable":true,"href":"https:\/\/cale.ac-lille.fr\/CALE\/wp-json\/wp\/v2\/users\/2"}],"replies":[{"embeddable":true,"href":"https:\/\/cale.ac-lille.fr\/CALE\/wp-json\/wp\/v2\/comments?post=700"}],"version-history":[{"count":8,"href":"https:\/\/cale.ac-lille.fr\/CALE\/wp-json\/wp\/v2\/pages\/700\/revisions"}],"predecessor-version":[{"id":3595,"href":"https:\/\/cale.ac-lille.fr\/CALE\/wp-json\/wp\/v2\/pages\/700\/revisions\/3595"}],"wp:attachment":[{"href":"https:\/\/cale.ac-lille.fr\/CALE\/wp-json\/wp\/v2\/media?parent=700"}],"curies":[{"name":"wp","href":"https:\/\/api.w.org\/{rel}","templated":true}]}}