{"id":76,"date":"2017-11-30T22:37:13","date_gmt":"2017-11-30T21:37:13","guid":{"rendered":"https:\/\/cale.ac-lille.fr\/CALE2019\/?page_id=76"},"modified":"2022-12-14T17:31:11","modified_gmt":"2022-12-14T16:31:11","slug":"informations-legales","status":"publish","type":"page","link":"https:\/\/cale.ac-lille.fr\/CALE\/informations-legales\/","title":{"rendered":"Informations l\u00e9gales"},"content":{"rendered":"<h3><span style=\"color: #00aded;\">Informations \u00e9ditoriales<\/span><\/h3>\n<p>Site\u00a0: cale.ac-lille.fr<br \/>\nAdresse postale : <span id=\"m_945294911974524834signature_nr_voie\">144\u00a0<\/span><span id=\"m_945294911974524834signature_voie\">rue de Bavay BP 709<\/span><span id=\"m_945294911974524834signature_virgule\">,\u00a0<\/span><span id=\"m_945294911974524834signature_cp\">59033<\/span>\u00a0<span id=\"m_945294911974524834signature_ville\">LILLE cedex<\/span><br \/>\nT\u00e9l\u00e9phone : <a href=\"tel:+33(0)320156242\" target=\"_blank\" rel=\"noopener\">+33(0)320156242<\/a><br \/>\n<span class=\"highlightedGlossaryTerm\">Directeur de la publication<\/span> : SANI Jean-Marie, D\u00e9l\u00e9gu\u00e9 de r\u00e9gion acad\u00e9mique aux relations europ\u00e9ennes et internationales et \u00e0 la coop\u00e9ration<br \/>\n<span class=\"highlightedGlossaryTerm\">Webmestre \/ R\u00e9dacteur<\/span>\u00a0: AUQUIER S\u00e9bastien \/ GLAUERT Clara<\/p>\n<h3><span style=\"color: #00aded;\">Nous contacter<\/span><\/h3>\n<p>L&#8217;\u00e9quipe CRALE vous offre la possibilit\u00e9 de correspondre avec ses services dans le respect du r\u00e9f\u00e9rentiel Marianne. Cette charte interminist\u00e9rielle vise \u00e0 garantir la qualit\u00e9 de l&#8217;accueil et promeut des valeurs telles que la courtoisie, l&#8217;accessibilit\u00e9, la rapidit\u00e9, la\u00a0 clart\u00e9 des r\u00e9ponses mais aussi un esprit d&#8217;\u00e9coute, de rigueur et de transparence.<\/p>\n<h3><span style=\"color: #00aded;\">Protection et traitement de donn\u00e9es \u00e0 caract\u00e8re personnel<\/span><\/h3>\n<h3>Respect des lois en vigueur<\/h3>\n<p>Le site\u00a0cale.ac-lille.fr respecte la vie priv\u00e9e de l&#8217;internaute et se conforme strictement aux lois en vigueur sur la protection de la vie priv\u00e9e et des libert\u00e9s individuelles. Aucune information personnelle n&#8217;est collect\u00e9e \u00e0 votre insu. Aucune information personnelle n&#8217;est c\u00e9d\u00e9e \u00e0 des tiers. Les courriels, les adresses \u00e9lectroniques ou autres informations nominatives dont ce site est destinataire ne font l&#8217;objet d&#8217;aucune exploitation et ne sont conserv\u00e9s que pour la dur\u00e9e n\u00e9cessaire \u00e0 leur traitement.<\/p>\n<h3>Droit\u00a0d&#8217;acc\u00e8s et de rectification des internautes<\/h3>\n<p>Conform\u00e9ment aux dispositions de la loi n\u00b078-17 du 6 janvier 1978 relative \u00e0 l&#8217;informatique, aux fichiers et aux libert\u00e9s, les internautes disposent d&#8217;un droit d&#8217;acc\u00e8s, de modification, de rectification et de suppression des donn\u00e9es qui les concernent. Ce droit s&#8217;exerce par voie postale, en justifiant de son identit\u00e9, \u00e0 l&#8217;adresse suivante :<\/p>\n<p>Rectorat de l&#8217;acad\u00e9mie de Lille<\/p>\n<div><span id=\"m_945294911974524834signature_lib\">DRAREIC<\/span><\/div>\n<p><span id=\"m_945294911974524834signature_nr_voie\">144\u00a0<\/span><span id=\"m_945294911974524834signature_voie\">rue de Bavay BP 709<\/span><span id=\"m_945294911974524834signature_virgule\">,\u00a0<\/span><span id=\"m_945294911974524834signature_cp\">59033<\/span>\u00a0<span id=\"m_945294911974524834signature_ville\">LILLE cedex<\/span><\/p>\n<h3><span style=\"color: #00aded;\">Prestataires d&#8217;h\u00e9bergement<\/span><\/h3>\n<p>La politique du site cale.ac-lille.fr est en conformit\u00e9 avec la loi n\u00b02004-575 du 21 juin 2004 pour la confiance dans l&#8217;\u00e9conomie num\u00e9rique.<\/p>\n<p><strong>H\u00e9bergement du site<\/strong><br \/>\nDirection des Syst\u00e8mes d\u2019Information de l\u2019Acad\u00e9mie de Lille [<span class=\"highlightedGlossaryTerm\">DSI<\/span>-AL]<br \/>\nService Infrastructures Syst\u00e8me<br \/>\n110 Avenue Gaston Berger 59000 Lille<\/p>\n<h3><span style=\"color: #00aded;\">Droits d&#8217;auteur et droits de reproduction du contenu mis en ligne<\/span><\/h3>\n<h3>Droits de reproduction des documents publics ou officiels<\/h3>\n<p>Depuis la publication de l&#8217;ordonnance n\u00b0 2005-650 du 6 juin 2005 relative \u00e0 la libert\u00e9 d&#8217;acc\u00e8s aux documents administratifs et \u00e0 la r\u00e9utilisation des informations publiques, ces informations peuvent \u00eatre r\u00e9utilis\u00e9es \u00e0 d&#8217;autres fins que celles pour lesquelles elles ont \u00e9t\u00e9 produites, et particuli\u00e8rement les informations faisant l&#8217;objet d&#8217;une diffusion publique. Ces\u00a0 documents pr\u00e9vus pour une diffusion publique ne sont couverts par aucun droit d&#8217;auteur et peuvent donc \u00eatre reproduits librement. Le graphisme, l&#8217;iconographie ainsi que le contenu \u00e9ditorial demeurent la propri\u00e9t\u00e9 de l&#8217;\u00c9tat, et, \u00e0 ce titre, font l&#8217;objet des protections pr\u00e9vues par le Code de la propri\u00e9t\u00e9 intellectuelle.<br \/>\nL&#8217;article L.122-5 du code de la propri\u00e9t\u00e9 intellectuelle pose le principe selon lequel, &#8220;lorsque l&#8217;\u0153uvre a \u00e9t\u00e9 divulgu\u00e9e, l&#8217;auteur ne peut interdire la diffusion, m\u00eame int\u00e9grale, par la voie de presse ou de t\u00e9l\u00e9diffusion, \u00e0 titre d&#8217;information d&#8217;actualit\u00e9, des discours destin\u00e9s au public prononc\u00e9s dans les assembl\u00e9es politiques, (&#8230;), ainsi que dans les r\u00e9unions publiques d&#8217;ordre politique et les c\u00e9r\u00e9monies officielles&#8221;.<br \/>\nC&#8217;est donc le cas notamment pour les discours et interventions publiques qui s&#8217;apparentent \u00e0 une exception au droit d&#8217;auteur. De m\u00eame, les documents publics ou officiels tels que les communiqu\u00e9s officiels ne sont couverts par aucun droit d&#8217;auteur, et peuvent en cons\u00e9quence \u00eatre reproduits librement.<br \/>\nSi la reprise de ces contenus de fa\u00e7on partielle ou int\u00e9grale est autoris\u00e9e, elle doit \u00eatre obligatoirement assortie de la mention du nom de l&#8217;auteur, de la\u00a0 source, et \u00e9ventuellement d&#8217;un lien renvoyant vers le document original en ligne sur le site.<br \/>\nLa mention &#8220;\u00a9\u00a0\u00a0cale.ac-lille.fr\u00a0 &#8211;\u00a0 Acad\u00e9mie de Lille&#8221; devra donc \u00eatre indiqu\u00e9e.<br \/>\nTous les autres contenus pr\u00e9sents sur le site sont couverts par le droit d&#8217;auteur. Toute\u00a0 reproduction\u00a0 est d\u00e8s lors conditionn\u00e9e \u00e0 l&#8217;accord de l&#8217;auteur en vertu de l&#8217;article L.122-4 du Code de la propri\u00e9t\u00e9 Intellectuelle.<br \/>\nLes informations\u00a0 reproduites\u00a0 ne doivent l&#8217;\u00eatre qu&#8217;\u00e0 des fins personnelles, associatives ou professionnelles ; toute diffusion ou utilisation \u00e0 des fins commerciales ou publicitaires \u00e9tant interdites.<\/p>\n<h3><span style=\"color: #333333;\">Demande d&#8217;autorisation de reproduction des contenus<\/span><\/h3>\n<p>La demande pourra se faire via\u00a0le m\u00e9l: ce.pome@ac-lille.fr\u00a0et\u00a0devra pr\u00e9ciser le contenu vis\u00e9 ainsi que la publication ou le site sur lequel ce dernier figurera. Une fois cette autorisation obtenue, la reproduction d&#8217;un contenu doit ob\u00e9ir aux principes suivants :<br \/>\n&#8211; gratuit\u00e9 de la diffusion ;<br \/>\n&#8211; respect de l&#8217;int\u00e9grit\u00e9 des documents reproduits (aucune modification, ni alt\u00e9ration d&#8217;aucune sorte) ;<br \/>\n&#8211; mention obligatoire : &#8220;\u00a9 cale.ac-lille.fr\u00a0 &#8211; \u00a0Acad\u00e9mie de Lille\u00a0 &#8211;\u00a0 droits r\u00e9serv\u00e9s&#8221;. Cette mention pointera gr\u00e2ce \u00e0 un lien hypertexte directement sur le contenu ;<br \/>\n&#8211; insertion d&#8217;une ic\u00f4ne repr\u00e9sentant le site internet.<\/p>\n<p>Les organismes sous tutelle ainsi que les autres minist\u00e8res sont\u00a0 dispens\u00e9s de cette demande d&#8217;autorisation sous r\u00e9serve d&#8217;insertion de la mention &#8220;\u00a9\u00a0 cale<b>.<\/b>ac-lille.fr &#8211;\u00a0 Acad\u00e9mie de Lille\u00a0 &#8211;\u00a0 droits r\u00e9serv\u00e9s&#8221;. Cette mention pointera gr\u00e2ce \u00e0 un lien hypertexte directement sur le contenu.<\/p>\n<h3><span style=\"color: #00aded;\">Responsabilit\u00e9 face aux liens vers d&#8217;autres sites<\/span><\/h3>\n<p>Le site\u00a0cale.ac-lille.fr propose de nombreux liens vers d&#8217;autres sites, essentiellement des sites officiels (gouvernement, institutions, organismes publics, etc.) mais aussi vers des sites, fran\u00e7ais ou \u00e9trangers, d&#8217;associations, d&#8217;organismes professionnels du secteur \u00e9ducatif ou d&#8217;entreprises partenaires sur des op\u00e9rations ponctuelles.<br \/>\nChaque fois, il est syst\u00e9matiquement pr\u00e9cis\u00e9 vers quel site nous vous proposons d&#8217;aller. Ces pages, dont les adresses sont r\u00e9guli\u00e8rement v\u00e9rifi\u00e9es, ne font pas partie du site\u00a0cale.ac-lille.fr : elles n&#8217;engagent pas la responsabilit\u00e9 de\u00a0 la r\u00e9daction du site qui ne peut \u00eatre tenue pour responsable des contenus vers lesquels ces liens pointent. Ils ne visent qu&#8217;\u00e0 permettre \u00e0 l&#8217;internaute d&#8217;acc\u00e9der plus facilement \u00e0 d&#8217;autres ressources documentaires sur le sujet consult\u00e9<\/p>\n<h3><span style=\"color: #00aded;\">Demande de cr\u00e9ation de liens<\/span><\/h3>\n<p>Le site\u00a0cale.ac-lille.fr\u00a0autorise, sans autorisation pr\u00e9alable, la mise en place de liens hypertextes pointant vers ses pages, sous r\u00e9serve de :<br \/>\n&#8211; ne pas utiliser la technique du lien profond, c&#8217;est-\u00e0-dire que les pages du site\u00a0cale.ac-lille.fr doivent pas \u00eatre imbriqu\u00e9es \u00e0 l&#8217;int\u00e9rieur des pages d&#8217;un autre site, mais visibles par l&#8217;ouverture d&#8217;une fen\u00eatre ind\u00e9pendante.<br \/>\n&#8211; mentionner la source qui pointera gr\u00e2ce \u00e0 un lien hypertexte directement<\/p>\n<p>Les sites qui font le choix de pointer vers\u00a0\u00a0cale.ac-lille.fr engagent leur responsabilit\u00e9 d\u00e8s lors qu&#8217;ils porteraient atteinte \u00e0 l&#8217;image du site public.<\/p>\n","protected":false},"excerpt":{"rendered":"<p>Informations \u00e9ditoriales Site\u00a0: cale.ac-lille.fr Adresse postale : 144\u00a0rue de Bavay BP 709,\u00a059033\u00a0LILLE cedex T\u00e9l\u00e9phone : +33(0)320156242 Directeur de la publication : SANI Jean-Marie, D\u00e9l\u00e9gu\u00e9 de r\u00e9gion acad\u00e9mique aux relations europ\u00e9ennes et internationales et \u00e0 la coop\u00e9ration Webmestre \/ R\u00e9dacteur\u00a0: AUQUIER S\u00e9bastien \/ GLAUERT Clara Nous contacter L&#8217;\u00e9quipe CRALE vous offre la possibilit\u00e9 de correspondre avec &#8230; <a href=\"https:\/\/cale.ac-lille.fr\/CALE\/informations-legales\/\" class=\"more-link text-uppercase small\"><strong>Continue Reading<\/strong> <i class=\"fa fa-angle-double-right\" aria-hidden=\"true\"><\/i><\/a><\/p>\n","protected":false},"author":2,"featured_media":0,"parent":0,"menu_order":0,"comment_status":"closed","ping_status":"closed","template":"","meta":{"footnotes":""},"_links":{"self":[{"href":"https:\/\/cale.ac-lille.fr\/CALE\/wp-json\/wp\/v2\/pages\/76"}],"collection":[{"href":"https:\/\/cale.ac-lille.fr\/CALE\/wp-json\/wp\/v2\/pages"}],"about":[{"href":"https:\/\/cale.ac-lille.fr\/CALE\/wp-json\/wp\/v2\/types\/page"}],"author":[{"embeddable":true,"href":"https:\/\/cale.ac-lille.fr\/CALE\/wp-json\/wp\/v2\/users\/2"}],"replies":[{"embeddable":true,"href":"https:\/\/cale.ac-lille.fr\/CALE\/wp-json\/wp\/v2\/comments?post=76"}],"version-history":[{"count":8,"href":"https:\/\/cale.ac-lille.fr\/CALE\/wp-json\/wp\/v2\/pages\/76\/revisions"}],"predecessor-version":[{"id":2747,"href":"https:\/\/cale.ac-lille.fr\/CALE\/wp-json\/wp\/v2\/pages\/76\/revisions\/2747"}],"wp:attachment":[{"href":"https:\/\/cale.ac-lille.fr\/CALE\/wp-json\/wp\/v2\/media?parent=76"}],"curies":[{"name":"wp","href":"https:\/\/api.w.org\/{rel}","templated":true}]}}